{"id":3453,"date":"2025-07-18T13:41:36","date_gmt":"2025-07-18T11:41:36","guid":{"rendered":"https:\/\/moryjinabovictorbrillant.com\/?page_id=3453"},"modified":"2025-08-20T16:31:44","modified_gmt":"2025-08-20T14:31:44","slug":"faq","status":"publish","type":"page","link":"https:\/\/moryjinabovictorbrillant.com\/index.php\/faq\/","title":{"rendered":"FAQ"},"content":{"rendered":"\t\t<div data-elementor-type=\"wp-page\" data-elementor-id=\"3453\" class=\"elementor elementor-3453\">\n\t\t\t\t<div class=\"elementor-element elementor-element-1252998 e-flex e-con-boxed e-con e-parent\" data-id=\"1252998\" data-element_type=\"container\" data-e-type=\"container\" data-settings=\"{&quot;background_background&quot;:&quot;classic&quot;}\">\n\t\t\t\t\t<div class=\"e-con-inner\">\n\t\t<div class=\"elementor-element elementor-element-6ac66c1 e-con-full e-flex e-con e-child\" data-id=\"6ac66c1\" data-element_type=\"container\" data-e-type=\"container\" data-settings=\"{&quot;background_background&quot;:&quot;classic&quot;}\">\n\t\t<div class=\"elementor-element elementor-element-078b16c e-con-full e-flex e-con e-child\" data-id=\"078b16c\" data-element_type=\"container\" data-e-type=\"container\">\n\t\t\t\t<div class=\"elementor-element elementor-element-350a293 elementor-widget elementor-widget-heading\" data-id=\"350a293\" data-element_type=\"widget\" data-e-type=\"widget\" data-widget_type=\"heading.default\">\n\t\t\t\t<div class=\"elementor-widget-container\">\n\t\t\t\t\t<h2 class=\"elementor-heading-title elementor-size-default\">FAQ <\/h2>\t\t\t\t<\/div>\n\t\t\t\t<\/div>\n\t\t\t\t<div class=\"elementor-element elementor-element-56af2ac elementor-widget elementor-widget-heading\" data-id=\"56af2ac\" data-element_type=\"widget\" data-e-type=\"widget\" data-widget_type=\"heading.default\">\n\t\t\t\t<div class=\"elementor-widget-container\">\n\t\t\t\t\t<h2 class=\"elementor-heading-title elementor-size-default\">Retrouvez ici les r\u00e9ponses aux questions les plus fr\u00e9quentes.<\/h2>\t\t\t\t<\/div>\n\t\t\t\t<\/div>\n\t\t\t\t<\/div>\n\t\t<div class=\"elementor-element elementor-element-f84f48d e-con-full e-flex e-con e-child\" data-id=\"f84f48d\" data-element_type=\"container\" data-e-type=\"container\">\n\t\t<div class=\"elementor-element elementor-element-0e6eca1 e-con-full e-flex e-con e-child\" data-id=\"0e6eca1\" data-element_type=\"container\" data-e-type=\"container\">\n\t\t\t\t<div class=\"elementor-element elementor-element-61437f8 elementor-widget elementor-widget-heading\" data-id=\"61437f8\" data-element_type=\"widget\" data-e-type=\"widget\" data-widget_type=\"heading.default\">\n\t\t\t\t<div class=\"elementor-widget-container\">\n\t\t\t\t\t<h2 class=\"elementor-heading-title elementor-size-default\">1. \u00c0 qui s\u2019adresse L3M Holding ?<\/h2>\t\t\t\t<\/div>\n\t\t\t\t<\/div>\n\t\t\t\t<div class=\"elementor-element elementor-element-a8639e4 elementor-widget elementor-widget-heading\" data-id=\"a8639e4\" data-element_type=\"widget\" data-e-type=\"widget\" data-widget_type=\"heading.default\">\n\t\t\t\t<div class=\"elementor-widget-container\">\n\t\t\t\t\t<h2 class=\"elementor-heading-title elementor-size-default\">Nous accompagnons les investisseurs institutionnels, particuliers, entreprises et fintechs en qu\u00eate de solutions d\u2019investissement sur mesure.<\/h2>\t\t\t\t<\/div>\n\t\t\t\t<\/div>\n\t\t\t\t<\/div>\n\t\t<div class=\"elementor-element elementor-element-1f96f3b e-con-full e-flex e-con e-child\" data-id=\"1f96f3b\" data-element_type=\"container\" data-e-type=\"container\">\n\t\t\t\t<div class=\"elementor-element elementor-element-2bc0769 elementor-widget elementor-widget-heading\" data-id=\"2bc0769\" data-element_type=\"widget\" data-e-type=\"widget\" data-widget_type=\"heading.default\">\n\t\t\t\t<div class=\"elementor-widget-container\">\n\t\t\t\t\t<h2 class=\"elementor-heading-title elementor-size-default\">2. O\u00f9 \u00eates-vous implant\u00e9s ?<\/h2>\t\t\t\t<\/div>\n\t\t\t\t<\/div>\n\t\t\t\t<div class=\"elementor-element elementor-element-229b9e2 elementor-widget elementor-widget-heading\" data-id=\"229b9e2\" data-element_type=\"widget\" data-e-type=\"widget\" data-widget_type=\"heading.default\">\n\t\t\t\t<div class=\"elementor-widget-container\">\n\t\t\t\t\t<h2 class=\"elementor-heading-title elementor-size-default\">Nous sommes pr\u00e9sents dans 10 villes fran\u00e7aises et dans 3 hubs internationaux (Australie, Maroc, Madagascar).<\/h2>\t\t\t\t<\/div>\n\t\t\t\t<\/div>\n\t\t\t\t<\/div>\n\t\t<div class=\"elementor-element elementor-element-1d88fa5 e-con-full e-flex e-con e-child\" data-id=\"1d88fa5\" data-element_type=\"container\" data-e-type=\"container\">\n\t\t\t\t<div class=\"elementor-element elementor-element-3575e74 elementor-widget elementor-widget-heading\" data-id=\"3575e74\" data-element_type=\"widget\" data-e-type=\"widget\" data-widget_type=\"heading.default\">\n\t\t\t\t<div class=\"elementor-widget-container\">\n\t\t\t\t\t<h2 class=\"elementor-heading-title elementor-size-default\">3. Proposez-vous un accompagnement personnalis\u00e9 ?<\/h2>\t\t\t\t<\/div>\n\t\t\t\t<\/div>\n\t\t\t\t<div class=\"elementor-element elementor-element-398fca2 elementor-widget elementor-widget-heading\" data-id=\"398fca2\" data-element_type=\"widget\" data-e-type=\"widget\" data-widget_type=\"heading.default\">\n\t\t\t\t<div class=\"elementor-widget-container\">\n\t\t\t\t\t<h2 class=\"elementor-heading-title elementor-size-default\">Oui. Chaque client b\u00e9n\u00e9ficie d\u2019un plan strat\u00e9gique sur mesure, con\u00e7u selon son profil, ses objectifs et son horizon d\u2019investissement.<\/h2>\t\t\t\t<\/div>\n\t\t\t\t<\/div>\n\t\t\t\t<\/div>\n\t\t<div class=\"elementor-element elementor-element-6f26d27 e-con-full e-flex e-con e-child\" data-id=\"6f26d27\" data-element_type=\"container\" data-e-type=\"container\">\n\t\t\t\t<div class=\"elementor-element elementor-element-263399e elementor-widget elementor-widget-heading\" data-id=\"263399e\" data-element_type=\"widget\" data-e-type=\"widget\" data-widget_type=\"heading.default\">\n\t\t\t\t<div class=\"elementor-widget-container\">\n\t\t\t\t\t<h2 class=\"elementor-heading-title elementor-size-default\">4. Comment prendre rendez-vous avec un expert ?<\/h2>\t\t\t\t<\/div>\n\t\t\t\t<\/div>\n\t\t\t\t<div class=\"elementor-element elementor-element-326cb6f elementor-widget elementor-widget-heading\" data-id=\"326cb6f\" data-element_type=\"widget\" data-e-type=\"widget\" data-widget_type=\"heading.default\">\n\t\t\t\t<div class=\"elementor-widget-container\">\n\t\t\t\t\t<h2 class=\"elementor-heading-title elementor-size-default\">Vous pouvez remplir notre formulaire en ligne sur la page \u201cDemander un rendez-vous\u201d. Un conseiller vous contactera sous 48h.<\/h2>\t\t\t\t<\/div>\n\t\t\t\t<\/div>\n\t\t\t\t<\/div>\n\t\t<div class=\"elementor-element elementor-element-d40219d e-con-full e-flex e-con e-child\" data-id=\"d40219d\" data-element_type=\"container\" data-e-type=\"container\">\n\t\t\t\t<div class=\"elementor-element elementor-element-77cab11 elementor-widget elementor-widget-heading\" data-id=\"77cab11\" data-element_type=\"widget\" data-e-type=\"widget\" data-widget_type=\"heading.default\">\n\t\t\t\t<div class=\"elementor-widget-container\">\n\t\t\t\t\t<h2 class=\"elementor-heading-title elementor-size-default\">5. Est-ce que mes donn\u00e9es sont s\u00e9curis\u00e9es ?<\/h2>\t\t\t\t<\/div>\n\t\t\t\t<\/div>\n\t\t\t\t<div class=\"elementor-element elementor-element-8302024 elementor-widget elementor-widget-heading\" data-id=\"8302024\" data-element_type=\"widget\" data-e-type=\"widget\" data-widget_type=\"heading.default\">\n\t\t\t\t<div class=\"elementor-widget-container\">\n\t\t\t\t\t<h2 class=\"elementor-heading-title elementor-size-default\">Absolument. Nous respectons les exigences du RGPD. Consultez notre politique de confidentialit\u00e9 pour plus de d\u00e9tails.<\/h2>\t\t\t\t<\/div>\n\t\t\t\t<\/div>\n\t\t\t\t<\/div>\n\t\t\t\t<\/div>\n\t\t\t\t<\/div>\n\t\t\t\t\t<\/div>\n\t\t\t\t<\/div>\n\t\t\t\t<\/div>\n\t\t","protected":false},"excerpt":{"rendered":"<p>FAQ Retrouvez ici les r\u00e9ponses aux questions les plus fr\u00e9quentes. 1. \u00c0 qui s\u2019adresse L3M Holding ? Nous accompagnons les investisseurs institutionnels, particuliers, entreprises et fintechs en qu\u00eate de solutions d\u2019investissement sur mesure. 2. O\u00f9 \u00eates-vous implant\u00e9s ? Nous sommes pr\u00e9sents dans 10 villes fran\u00e7aises et dans 3 hubs internationaux (Australie, Maroc, Madagascar). 3. Proposez-vous [&hellip;]<\/p>\n","protected":false},"author":1,"featured_media":0,"parent":0,"menu_order":0,"comment_status":"closed","ping_status":"closed","template":"","meta":{"footnotes":""},"class_list":["post-3453","page","type-page","status-publish","hentry"],"_links":{"self":[{"href":"https:\/\/moryjinabovictorbrillant.com\/index.php\/wp-json\/wp\/v2\/pages\/3453","targetHints":{"allow":["GET"]}}],"collection":[{"href":"https:\/\/moryjinabovictorbrillant.com\/index.php\/wp-json\/wp\/v2\/pages"}],"about":[{"href":"https:\/\/moryjinabovictorbrillant.com\/index.php\/wp-json\/wp\/v2\/types\/page"}],"author":[{"embeddable":true,"href":"https:\/\/moryjinabovictorbrillant.com\/index.php\/wp-json\/wp\/v2\/users\/1"}],"replies":[{"embeddable":true,"href":"https:\/\/moryjinabovictorbrillant.com\/index.php\/wp-json\/wp\/v2\/comments?post=3453"}],"version-history":[{"count":67,"href":"https:\/\/moryjinabovictorbrillant.com\/index.php\/wp-json\/wp\/v2\/pages\/3453\/revisions"}],"predecessor-version":[{"id":4159,"href":"https:\/\/moryjinabovictorbrillant.com\/index.php\/wp-json\/wp\/v2\/pages\/3453\/revisions\/4159"}],"wp:attachment":[{"href":"https:\/\/moryjinabovictorbrillant.com\/index.php\/wp-json\/wp\/v2\/media?parent=3453"}],"curies":[{"name":"wp","href":"https:\/\/api.w.org\/{rel}","templated":true}]}}