{"id":3489,"date":"2025-07-18T15:02:00","date_gmt":"2025-07-18T13:02:00","guid":{"rendered":"https:\/\/moryjinabovictorbrillant.com\/?page_id=3489"},"modified":"2025-07-18T15:06:55","modified_gmt":"2025-07-18T13:06:55","slug":"conditions-generales-de-vente","status":"publish","type":"page","link":"https:\/\/moryjinabovictorbrillant.com\/index.php\/conditions-generales-de-vente\/","title":{"rendered":"Conditions G\u00e9n\u00e9rales de Vente"},"content":{"rendered":"\t\t<div data-elementor-type=\"wp-page\" data-elementor-id=\"3489\" class=\"elementor elementor-3489\">\n\t\t\t\t<div class=\"elementor-element elementor-element-4f0f691 e-flex e-con-boxed e-con e-parent\" data-id=\"4f0f691\" data-element_type=\"container\" data-e-type=\"container\" data-settings=\"{&quot;background_background&quot;:&quot;classic&quot;}\">\n\t\t\t\t\t<div class=\"e-con-inner\">\n\t\t<div class=\"elementor-element elementor-element-85c3634 e-con-full e-flex e-con e-child\" data-id=\"85c3634\" data-element_type=\"container\" data-e-type=\"container\" data-settings=\"{&quot;background_background&quot;:&quot;classic&quot;}\">\n\t\t<div class=\"elementor-element elementor-element-e10a4a5 e-con-full e-flex e-con e-child\" data-id=\"e10a4a5\" data-element_type=\"container\" data-e-type=\"container\">\n\t\t\t\t<div class=\"elementor-element elementor-element-55903ef elementor-widget elementor-widget-heading\" data-id=\"55903ef\" data-element_type=\"widget\" data-e-type=\"widget\" data-widget_type=\"heading.default\">\n\t\t\t\t<div class=\"elementor-widget-container\">\n\t\t\t\t\t<h2 class=\"elementor-heading-title elementor-size-default\">Conditions G\u00e9n\u00e9rales de Vente<\/h2>\t\t\t\t<\/div>\n\t\t\t\t<\/div>\n\t\t\t\t<div class=\"elementor-element elementor-element-f0f069e elementor-widget elementor-widget-heading\" data-id=\"f0f069e\" data-element_type=\"widget\" data-e-type=\"widget\" data-widget_type=\"heading.default\">\n\t\t\t\t<div class=\"elementor-widget-container\">\n\t\t\t\t\t<h2 class=\"elementor-heading-title elementor-size-default\">Veuillez prendre connaissance de nos conditions de vente pour mieux encadrer nos relations commerciales.<\/h2>\t\t\t\t<\/div>\n\t\t\t\t<\/div>\n\t\t\t\t<\/div>\n\t\t<div class=\"elementor-element elementor-element-14267f6 e-con-full e-flex e-con e-child\" data-id=\"14267f6\" data-element_type=\"container\" data-e-type=\"container\">\n\t\t<div class=\"elementor-element elementor-element-2784b58 e-con-full e-flex e-con e-child\" data-id=\"2784b58\" data-element_type=\"container\" data-e-type=\"container\">\n\t\t\t\t<div class=\"elementor-element elementor-element-ab9d213 elementor-widget elementor-widget-heading\" data-id=\"ab9d213\" data-element_type=\"widget\" data-e-type=\"widget\" data-widget_type=\"heading.default\">\n\t\t\t\t<div class=\"elementor-widget-container\">\n\t\t\t\t\t<h2 class=\"elementor-heading-title elementor-size-default\">1. Objet<\/h2>\t\t\t\t<\/div>\n\t\t\t\t<\/div>\n\t\t\t\t<div class=\"elementor-element elementor-element-78d171e elementor-widget elementor-widget-heading\" data-id=\"78d171e\" data-element_type=\"widget\" data-e-type=\"widget\" data-widget_type=\"heading.default\">\n\t\t\t\t<div class=\"elementor-widget-container\">\n\t\t\t\t\t<h2 class=\"elementor-heading-title elementor-size-default\">Les pr\u00e9sentes Conditions G\u00e9n\u00e9rales de Vente (CGV) encadrent les relations commerciales entre L3M Holding et ses clients, dans le cadre de la fourniture de services de conseil, d\u2019accompagnement strat\u00e9gique et de solutions d\u2019investissement.<\/h2>\t\t\t\t<\/div>\n\t\t\t\t<\/div>\n\t\t\t\t<\/div>\n\t\t<div class=\"elementor-element elementor-element-ff325e5 e-con-full e-flex e-con e-child\" data-id=\"ff325e5\" data-element_type=\"container\" data-e-type=\"container\">\n\t\t\t\t<div class=\"elementor-element elementor-element-9f3cfc3 elementor-widget elementor-widget-heading\" data-id=\"9f3cfc3\" data-element_type=\"widget\" data-e-type=\"widget\" data-widget_type=\"heading.default\">\n\t\t\t\t<div class=\"elementor-widget-container\">\n\t\t\t\t\t<h2 class=\"elementor-heading-title elementor-size-default\">2. Services propos\u00e9s<\/h2>\t\t\t\t<\/div>\n\t\t\t\t<\/div>\n\t\t\t\t<div class=\"elementor-element elementor-element-048068c elementor-widget elementor-widget-heading\" data-id=\"048068c\" data-element_type=\"widget\" data-e-type=\"widget\" data-widget_type=\"heading.default\">\n\t\t\t\t<div class=\"elementor-widget-container\">\n\t\t\t\t\t<h2 class=\"elementor-heading-title elementor-size-default\">L3M Holding fournit des prestations personnalis\u00e9es, selon les besoins d\u00e9finis conjointement avec le client. Toute commande fait l\u2019objet d\u2019un devis valid\u00e9 par \u00e9crit.<\/h2>\t\t\t\t<\/div>\n\t\t\t\t<\/div>\n\t\t\t\t<\/div>\n\t\t<div class=\"elementor-element elementor-element-1e29b70 e-con-full e-flex e-con e-child\" data-id=\"1e29b70\" data-element_type=\"container\" data-e-type=\"container\">\n\t\t\t\t<div class=\"elementor-element elementor-element-5e3e948 elementor-widget elementor-widget-heading\" data-id=\"5e3e948\" data-element_type=\"widget\" data-e-type=\"widget\" data-widget_type=\"heading.default\">\n\t\t\t\t<div class=\"elementor-widget-container\">\n\t\t\t\t\t<h2 class=\"elementor-heading-title elementor-size-default\">3. Prix et modalit\u00e9s de paiement<\/h2>\t\t\t\t<\/div>\n\t\t\t\t<\/div>\n\t\t\t\t<div class=\"elementor-element elementor-element-1c989eb elementor-widget elementor-widget-heading\" data-id=\"1c989eb\" data-element_type=\"widget\" data-e-type=\"widget\" data-widget_type=\"heading.default\">\n\t\t\t\t<div class=\"elementor-widget-container\">\n\t\t\t\t\t<h2 class=\"elementor-heading-title elementor-size-default\">Les tarifs sont indiqu\u00e9s hors taxes, sauf mention contraire. Le paiement s\u2019effectue selon les conditions pr\u00e9cis\u00e9es dans le devis : acompte \u00e0 la commande, solde \u00e0 r\u00e9ception de facture, sauf accord sp\u00e9cifique.<\/h2>\t\t\t\t<\/div>\n\t\t\t\t<\/div>\n\t\t\t\t<\/div>\n\t\t<div class=\"elementor-element elementor-element-04c57a8 e-con-full e-flex e-con e-child\" data-id=\"04c57a8\" data-element_type=\"container\" data-e-type=\"container\">\n\t\t\t\t<div class=\"elementor-element elementor-element-99ee4d0 elementor-widget elementor-widget-heading\" data-id=\"99ee4d0\" data-element_type=\"widget\" data-e-type=\"widget\" data-widget_type=\"heading.default\">\n\t\t\t\t<div class=\"elementor-widget-container\">\n\t\t\t\t\t<h2 class=\"elementor-heading-title elementor-size-default\">4. D\u00e9lais et livrables<\/h2>\t\t\t\t<\/div>\n\t\t\t\t<\/div>\n\t\t\t\t<div class=\"elementor-element elementor-element-272d4b7 elementor-widget elementor-widget-heading\" data-id=\"272d4b7\" data-element_type=\"widget\" data-e-type=\"widget\" data-widget_type=\"heading.default\">\n\t\t\t\t<div class=\"elementor-widget-container\">\n\t\t\t\t\t<h2 class=\"elementor-heading-title elementor-size-default\">Les d\u00e9lais d\u2019ex\u00e9cution sont pr\u00e9cis\u00e9s lors de la commande. Tout retard d\u00fb \u00e0 un cas de force majeure ne pourra entra\u00eener l\u2019annulation de la commande ni indemnit\u00e9.<\/h2>\t\t\t\t<\/div>\n\t\t\t\t<\/div>\n\t\t\t\t<\/div>\n\t\t<div class=\"elementor-element elementor-element-cf1320e e-con-full e-flex e-con e-child\" data-id=\"cf1320e\" data-element_type=\"container\" data-e-type=\"container\">\n\t\t\t\t<div class=\"elementor-element elementor-element-8d24dec elementor-widget elementor-widget-heading\" data-id=\"8d24dec\" data-element_type=\"widget\" data-e-type=\"widget\" data-widget_type=\"heading.default\">\n\t\t\t\t<div class=\"elementor-widget-container\">\n\t\t\t\t\t<h2 class=\"elementor-heading-title elementor-size-default\">5. Responsabilit\u00e9<\/h2>\t\t\t\t<\/div>\n\t\t\t\t<\/div>\n\t\t\t\t<div class=\"elementor-element elementor-element-468bb80 elementor-widget elementor-widget-heading\" data-id=\"468bb80\" data-element_type=\"widget\" data-e-type=\"widget\" data-widget_type=\"heading.default\">\n\t\t\t\t<div class=\"elementor-widget-container\">\n\t\t\t\t\t<h2 class=\"elementor-heading-title elementor-size-default\">L3M Holding s\u2019engage \u00e0 fournir les prestations avec diligence, mais ne saurait \u00eatre tenu responsable des d\u00e9cisions prises par le client sur la base des recommandations fournies.<\/h2>\t\t\t\t<\/div>\n\t\t\t\t<\/div>\n\t\t\t\t<\/div>\n\t\t<div class=\"elementor-element elementor-element-d695d79 e-con-full e-flex e-con e-child\" data-id=\"d695d79\" data-element_type=\"container\" data-e-type=\"container\">\n\t\t\t\t<div class=\"elementor-element elementor-element-2cb4166 elementor-widget elementor-widget-heading\" data-id=\"2cb4166\" data-element_type=\"widget\" data-e-type=\"widget\" data-widget_type=\"heading.default\">\n\t\t\t\t<div class=\"elementor-widget-container\">\n\t\t\t\t\t<h2 class=\"elementor-heading-title elementor-size-default\">6. Donn\u00e9es personnelles<\/h2>\t\t\t\t<\/div>\n\t\t\t\t<\/div>\n\t\t\t\t<div class=\"elementor-element elementor-element-8cf686e elementor-widget elementor-widget-heading\" data-id=\"8cf686e\" data-element_type=\"widget\" data-e-type=\"widget\" data-widget_type=\"heading.default\">\n\t\t\t\t<div class=\"elementor-widget-container\">\n\t\t\t\t\t<h2 class=\"elementor-heading-title elementor-size-default\">Les donn\u00e9es collect\u00e9es sont trait\u00e9es conform\u00e9ment \u00e0 notre politique de confidentialit\u00e9. Le client peut \u00e0 tout moment demander leur acc\u00e8s, rectification ou suppression.<\/h2>\t\t\t\t<\/div>\n\t\t\t\t<\/div>\n\t\t\t\t<\/div>\n\t\t<div class=\"elementor-element elementor-element-45a5433 e-con-full e-flex e-con e-child\" data-id=\"45a5433\" data-element_type=\"container\" data-e-type=\"container\">\n\t\t\t\t<div class=\"elementor-element elementor-element-e0da5de elementor-widget elementor-widget-heading\" data-id=\"e0da5de\" data-element_type=\"widget\" data-e-type=\"widget\" data-widget_type=\"heading.default\">\n\t\t\t\t<div class=\"elementor-widget-container\">\n\t\t\t\t\t<h2 class=\"elementor-heading-title elementor-size-default\">7. Litiges<\/h2>\t\t\t\t<\/div>\n\t\t\t\t<\/div>\n\t\t\t\t<div class=\"elementor-element elementor-element-783eefb elementor-widget elementor-widget-heading\" data-id=\"783eefb\" data-element_type=\"widget\" data-e-type=\"widget\" data-widget_type=\"heading.default\">\n\t\t\t\t<div class=\"elementor-widget-container\">\n\t\t\t\t\t<h2 class=\"elementor-heading-title elementor-size-default\">En cas de litige, une solution amiable sera recherch\u00e9e en priorit\u00e9. \u00c0 d\u00e9faut, les tribunaux comp\u00e9tents seront ceux du si\u00e8ge social de L3M Holding.<\/h2>\t\t\t\t<\/div>\n\t\t\t\t<\/div>\n\t\t\t\t<\/div>\n\t\t\t\t<\/div>\n\t\t\t\t<\/div>\n\t\t\t\t\t<\/div>\n\t\t\t\t<\/div>\n\t\t\t\t<\/div>\n\t\t","protected":false},"excerpt":{"rendered":"<p>Conditions G\u00e9n\u00e9rales de Vente Veuillez prendre connaissance de nos conditions de vente pour mieux encadrer nos relations commerciales. 1. Objet Les pr\u00e9sentes Conditions G\u00e9n\u00e9rales de Vente (CGV) encadrent les relations commerciales entre L3M Holding et ses clients, dans le cadre de la fourniture de services de conseil, d\u2019accompagnement strat\u00e9gique et de solutions d\u2019investissement. 2. Services [&hellip;]<\/p>\n","protected":false},"author":1,"featured_media":0,"parent":0,"menu_order":0,"comment_status":"closed","ping_status":"closed","template":"","meta":{"footnotes":""},"class_list":["post-3489","page","type-page","status-publish","hentry"],"_links":{"self":[{"href":"https:\/\/moryjinabovictorbrillant.com\/index.php\/wp-json\/wp\/v2\/pages\/3489","targetHints":{"allow":["GET"]}}],"collection":[{"href":"https:\/\/moryjinabovictorbrillant.com\/index.php\/wp-json\/wp\/v2\/pages"}],"about":[{"href":"https:\/\/moryjinabovictorbrillant.com\/index.php\/wp-json\/wp\/v2\/types\/page"}],"author":[{"embeddable":true,"href":"https:\/\/moryjinabovictorbrillant.com\/index.php\/wp-json\/wp\/v2\/users\/1"}],"replies":[{"embeddable":true,"href":"https:\/\/moryjinabovictorbrillant.com\/index.php\/wp-json\/wp\/v2\/comments?post=3489"}],"version-history":[{"count":7,"href":"https:\/\/moryjinabovictorbrillant.com\/index.php\/wp-json\/wp\/v2\/pages\/3489\/revisions"}],"predecessor-version":[{"id":3496,"href":"https:\/\/moryjinabovictorbrillant.com\/index.php\/wp-json\/wp\/v2\/pages\/3489\/revisions\/3496"}],"wp:attachment":[{"href":"https:\/\/moryjinabovictorbrillant.com\/index.php\/wp-json\/wp\/v2\/media?parent=3489"}],"curies":[{"name":"wp","href":"https:\/\/api.w.org\/{rel}","templated":true}]}}