{"id":3497,"date":"2025-07-18T15:09:17","date_gmt":"2025-07-18T13:09:17","guid":{"rendered":"https:\/\/moryjinabovictorbrillant.com\/?page_id=3497"},"modified":"2025-07-18T15:46:45","modified_gmt":"2025-07-18T13:46:45","slug":"nos-engagements-notre-charte","status":"publish","type":"page","link":"https:\/\/moryjinabovictorbrillant.com\/index.php\/nos-engagements-notre-charte\/","title":{"rendered":"Nos engagements &amp; Notre charte"},"content":{"rendered":"\t\t<div data-elementor-type=\"wp-page\" data-elementor-id=\"3497\" class=\"elementor elementor-3497\">\n\t\t\t\t<div class=\"elementor-element elementor-element-122a04c e-flex e-con-boxed e-con e-parent\" data-id=\"122a04c\" data-element_type=\"container\" data-e-type=\"container\" data-settings=\"{&quot;background_background&quot;:&quot;classic&quot;}\">\n\t\t\t\t\t<div class=\"e-con-inner\">\n\t\t<div class=\"elementor-element elementor-element-c7697f1 e-con-full e-flex e-con e-child\" data-id=\"c7697f1\" data-element_type=\"container\" data-e-type=\"container\" data-settings=\"{&quot;background_background&quot;:&quot;classic&quot;}\">\n\t\t<div class=\"elementor-element elementor-element-eb969c7 e-con-full e-flex e-con e-child\" data-id=\"eb969c7\" data-element_type=\"container\" data-e-type=\"container\">\n\t\t\t\t<div class=\"elementor-element elementor-element-8ecad74 elementor-widget elementor-widget-heading\" data-id=\"8ecad74\" data-element_type=\"widget\" data-e-type=\"widget\" data-widget_type=\"heading.default\">\n\t\t\t\t<div class=\"elementor-widget-container\">\n\t\t\t\t\t<h2 class=\"elementor-heading-title elementor-size-default\">Nos engagements &amp; Notre charte<\/h2>\t\t\t\t<\/div>\n\t\t\t\t<\/div>\n\t\t\t\t<div class=\"elementor-element elementor-element-ed6f611 elementor-widget elementor-widget-heading\" data-id=\"ed6f611\" data-element_type=\"widget\" data-e-type=\"widget\" data-widget_type=\"heading.default\">\n\t\t\t\t<div class=\"elementor-widget-container\">\n\t\t\t\t\t<h2 class=\"elementor-heading-title elementor-size-default\">Une ambition : l\u2019investissement au service du progr\u00e8s<\/h2>\t\t\t\t<\/div>\n\t\t\t\t<\/div>\n\t\t\t\t<div class=\"elementor-element elementor-element-5b57910 elementor-widget elementor-widget-heading\" data-id=\"5b57910\" data-element_type=\"widget\" data-e-type=\"widget\" data-widget_type=\"heading.default\">\n\t\t\t\t<div class=\"elementor-widget-container\">\n\t\t\t\t\t<h2 class=\"elementor-heading-title elementor-size-default\">Chez L3M Holding, nos actions reposent sur une charte d\u2019engagement claire, \u00e9thique et<br> durable.<br> \nNous croyons qu\u2019un investissement performant peut \u2013 et doit \u2013 \u00eatre responsable.<\/h2>\t\t\t\t<\/div>\n\t\t\t\t<\/div>\n\t\t\t\t<\/div>\n\t\t<div class=\"elementor-element elementor-element-2c18f31 e-con-full e-flex e-con e-child\" data-id=\"2c18f31\" data-element_type=\"container\" data-e-type=\"container\">\n\t\t\t\t<div class=\"elementor-element elementor-element-cc71808 elementor-widget elementor-widget-heading\" data-id=\"cc71808\" data-element_type=\"widget\" data-e-type=\"widget\" data-widget_type=\"heading.default\">\n\t\t\t\t<div class=\"elementor-widget-container\">\n\t\t\t\t\t<h2 class=\"elementor-heading-title elementor-size-default\">Nos engagements cl\u00e9s :<\/h2>\t\t\t\t<\/div>\n\t\t\t\t<\/div>\n\t\t\t\t<div class=\"elementor-element elementor-element-65d6c49 elementor-widget elementor-widget-text-editor\" data-id=\"65d6c49\" data-element_type=\"widget\" data-e-type=\"widget\" data-widget_type=\"text-editor.default\">\n\t\t\t\t<div class=\"elementor-widget-container\">\n\t\t\t\t\t\t\t\t\t<ul class=\"engagements\"><li>Favoriser une croissance durable, conforme aux crit\u00e8res ESG.<\/li><li>Soutenir l\u2019innovation \u00e0 impact, notamment via notre implication RSE et nos partenariats associatifs.<\/li><li>Promouvoir l\u2019inclusion, la diversit\u00e9 et l\u2019\u00e9galit\u00e9 des chances au sein de notre \u00e9cosyst\u00e8me.<\/li><li>Agir avec transparence, int\u00e9grit\u00e9 et exigence dans chaque mission confi\u00e9e.<\/li><li>R\u00e9duire notre empreinte environnementale en interne et chez nos partenaires.<\/li><\/ul>\t\t\t\t\t\t\t\t<\/div>\n\t\t\t\t<\/div>\n\t\t\t\t<div class=\"elementor-element elementor-element-954fdb6 elementor-widget elementor-widget-heading\" data-id=\"954fdb6\" data-element_type=\"widget\" data-e-type=\"widget\" data-widget_type=\"heading.default\">\n\t\t\t\t<div class=\"elementor-widget-container\">\n\t\t\t\t\t<h2 class=\"elementor-heading-title elementor-size-default\">Chez L3M, performance et responsabilit\u00e9 progressent ensemble.<\/h2>\t\t\t\t<\/div>\n\t\t\t\t<\/div>\n\t\t\t\t<\/div>\n\t\t\t\t<\/div>\n\t\t\t\t\t<\/div>\n\t\t\t\t<\/div>\n\t\t\t\t<\/div>\n\t\t","protected":false},"excerpt":{"rendered":"<p>Nos engagements &amp; Notre charte Une ambition : l\u2019investissement au service du progr\u00e8s Chez L3M Holding, nos actions reposent sur une charte d\u2019engagement claire, \u00e9thique et durable. Nous croyons qu\u2019un investissement performant peut \u2013 et doit \u2013 \u00eatre responsable. Nos engagements cl\u00e9s : Favoriser une croissance durable, conforme aux crit\u00e8res ESG. Soutenir l\u2019innovation \u00e0 impact, [&hellip;]<\/p>\n","protected":false},"author":1,"featured_media":0,"parent":0,"menu_order":0,"comment_status":"closed","ping_status":"closed","template":"","meta":{"footnotes":""},"class_list":["post-3497","page","type-page","status-publish","hentry"],"_links":{"self":[{"href":"https:\/\/moryjinabovictorbrillant.com\/index.php\/wp-json\/wp\/v2\/pages\/3497","targetHints":{"allow":["GET"]}}],"collection":[{"href":"https:\/\/moryjinabovictorbrillant.com\/index.php\/wp-json\/wp\/v2\/pages"}],"about":[{"href":"https:\/\/moryjinabovictorbrillant.com\/index.php\/wp-json\/wp\/v2\/types\/page"}],"author":[{"embeddable":true,"href":"https:\/\/moryjinabovictorbrillant.com\/index.php\/wp-json\/wp\/v2\/users\/1"}],"replies":[{"embeddable":true,"href":"https:\/\/moryjinabovictorbrillant.com\/index.php\/wp-json\/wp\/v2\/comments?post=3497"}],"version-history":[{"count":31,"href":"https:\/\/moryjinabovictorbrillant.com\/index.php\/wp-json\/wp\/v2\/pages\/3497\/revisions"}],"predecessor-version":[{"id":3537,"href":"https:\/\/moryjinabovictorbrillant.com\/index.php\/wp-json\/wp\/v2\/pages\/3497\/revisions\/3537"}],"wp:attachment":[{"href":"https:\/\/moryjinabovictorbrillant.com\/index.php\/wp-json\/wp\/v2\/media?parent=3497"}],"curies":[{"name":"wp","href":"https:\/\/api.w.org\/{rel}","templated":true}]}}