{"id":3540,"date":"2025-07-21T08:21:47","date_gmt":"2025-07-21T06:21:47","guid":{"rendered":"https:\/\/moryjinabovictorbrillant.com\/?page_id=3540"},"modified":"2026-01-06T15:20:36","modified_gmt":"2026-01-06T14:20:36","slug":"blog","status":"publish","type":"page","link":"https:\/\/moryjinabovictorbrillant.com\/index.php\/blog\/","title":{"rendered":"Blog"},"content":{"rendered":"\t\t<div data-elementor-type=\"wp-page\" data-elementor-id=\"3540\" class=\"elementor elementor-3540\">\n\t\t\t\t<div class=\"elementor-element elementor-element-e69cfab e-flex e-con-boxed e-con e-parent\" data-id=\"e69cfab\" data-element_type=\"container\" data-e-type=\"container\">\n\t\t\t\t\t<div class=\"e-con-inner\">\n\t\t\t\t<div class=\"elementor-element elementor-element-eb446a1 elementor-grid-3 elementor-grid-tablet-2 elementor-grid-mobile-1 elementor-widget elementor-widget-elementor-blog-posts\" data-id=\"eb446a1\" data-element_type=\"widget\" data-e-type=\"widget\" data-settings=\"{&quot;columns&quot;:&quot;3&quot;,&quot;columns_tablet&quot;:&quot;2&quot;,&quot;columns_mobile&quot;:&quot;1&quot;}\" data-widget_type=\"elementor-blog-posts.default\">\n\t\t\t\t<div class=\"elementor-widget-container\">\n\t\t\t\t\t\t\t<div class=\"wpcap-grid\">\n\t\t\t\t\t\t<div class=\"wpcap-grid-container elementor-grid wpcap-grid-desktop-3 wpcap-grid-tablet-2 wpcap-grid-mobile-1 grid-meta-bottom\">\n\n\t\t\t\t\n        <article id=\"post-4927\" class=\"wpcap-post post-4927 post type-post status-publish format-standard has-post-thumbnail hentry category-non-classe\">\n         \n            <div class=\"post-grid-inner\">\n            \t\n            \t\t\t\t<div class=\"post-grid-thumbnail\">\n\t\t\t\t<a href=\"https:\/\/moryjinabovictorbrillant.com\/index.php\/2026\/01\/06\/test\/\">\n\t\t\t\t\t<img fetchpriority=\"high\" decoding=\"async\" width=\"1200\" height=\"800\" src=\"https:\/\/moryjinabovictorbrillant.com\/wp-content\/uploads\/2025\/05\/fx5.png\" class=\"attachment-full size-full wp-post-image\" alt=\"\" srcset=\"https:\/\/moryjinabovictorbrillant.com\/wp-content\/uploads\/2025\/05\/fx5.png 1200w, https:\/\/moryjinabovictorbrillant.com\/wp-content\/uploads\/2025\/05\/fx5-300x200.png 300w, https:\/\/moryjinabovictorbrillant.com\/wp-content\/uploads\/2025\/05\/fx5-1024x683.png 1024w, https:\/\/moryjinabovictorbrillant.com\/wp-content\/uploads\/2025\/05\/fx5-768x512.png 768w\" sizes=\"(max-width: 1200px) 100vw, 1200px\" \/>\t\t\t\t<\/a>\n\t\t\t<\/div>\n        \n                <div class=\"post-grid-text-wrap\">\n               \t\t\t\t<h3 class=\"title\">\n\t\t\t<a href=\"https:\/\/moryjinabovictorbrillant.com\/index.php\/2026\/01\/06\/test\/\">Test<\/a>\n\t\t<\/h3>\n\t\t\t                \t\t<div class=\"post-grid-excerpt\">\n\t\t\t<p>Pourquoi faire confiance \u00e0 L3M ? L3M : accompagner les entreprises vers une croissance durable Dans un monde en constante \u00e9volution, les entreprises doivent sans&hellip;<\/p>\n\t\t<\/div>\n\t\t\t                \t\t<a class=\"read-more-btn\" href=\"https:\/\/moryjinabovictorbrillant.com\/index.php\/2026\/01\/06\/test\/\">Lire la suite \u00bb<\/a>\n\t\t                <\/div>\n\n                \t\t<div class=\"post-grid-meta\">\n\t\t\t\n\t\t\t\t<span class=\"post-date\"><time datetime=\"2026-01-06T11:57:14+01:00\">6 janvier 2026<\/time><\/span>\n\n\t\t\t\t\n\t\t\t\t<span class=\"post-comments\">Aucun commentaire<\/span>\n\n\t\t\t\t\t\t<\/div>\n\t\t\n            <\/div><!-- .blog-inner -->\n           \n        <\/article>\n\n        \n        <article id=\"post-1\" class=\"wpcap-post post-1 post type-post status-publish format-standard hentry category-non-classe\">\n         \n            <div class=\"post-grid-inner\">\n            \t\n            \t\n                <div class=\"post-grid-text-wrap\">\n               \t\t\t\t<h3 class=\"title\">\n\t\t\t<a href=\"https:\/\/moryjinabovictorbrillant.com\/index.php\/2025\/05\/26\/bonjour-tout-le-monde\/\">Bonjour tout le monde\u00a0!<\/a>\n\t\t<\/h3>\n\t\t\t                \t\t<div class=\"post-grid-excerpt\">\n\t\t\t<p>Bienvenue sur WordPress. Ceci est votre premier article. Modifiez-le ou supprimez-le, puis commencez \u00e0 \u00e9crire\u00a0!<\/p>\n\t\t<\/div>\n\t\t\t                \t\t<a class=\"read-more-btn\" href=\"https:\/\/moryjinabovictorbrillant.com\/index.php\/2025\/05\/26\/bonjour-tout-le-monde\/\">Lire la suite \u00bb<\/a>\n\t\t                <\/div>\n\n                \t\t<div class=\"post-grid-meta\">\n\t\t\t\n\t\t\t\t<span class=\"post-date\"><time datetime=\"2025-05-26T08:41:40+02:00\">26 mai 2025<\/time><\/span>\n\n\t\t\t\t\n\t\t\t\t<span class=\"post-comments\">Un commentaire<\/span>\n\n\t\t\t\t\t\t<\/div>\n\t\t\n            <\/div><!-- .blog-inner -->\n           \n        <\/article>\n\n        \n\t\t\t<\/div>\n\t\t<\/div>\n\t\t\t\t\t\t<\/div>\n\t\t\t\t<\/div>\n\t\t\t\t\t<\/div>\n\t\t\t\t<\/div>\n\t\t<div class=\"elementor-element elementor-element-4beb926 e-flex e-con-boxed e-con e-parent\" data-id=\"4beb926\" data-element_type=\"container\" data-e-type=\"container\" data-settings=\"{&quot;background_background&quot;:&quot;classic&quot;}\">\n\t\t\t\t\t<div class=\"e-con-inner\">\n\t\t<div class=\"elementor-element elementor-element-f2af815 e-con-full e-flex e-con e-child\" data-id=\"f2af815\" data-element_type=\"container\" data-e-type=\"container\" data-settings=\"{&quot;background_background&quot;:&quot;classic&quot;}\">\n\t\t<div class=\"elementor-element elementor-element-eb9702a e-con-full e-flex e-con e-child\" data-id=\"eb9702a\" data-element_type=\"container\" data-e-type=\"container\">\n\t\t\t\t<div class=\"elementor-element elementor-element-1510fe1 elementor-widget__width-initial elementor-widget elementor-widget-heading\" data-id=\"1510fe1\" data-element_type=\"widget\" data-e-type=\"widget\" data-widget_type=\"heading.default\">\n\t\t\t\t<div class=\"elementor-widget-container\">\n\t\t\t\t\t<h2 class=\"elementor-heading-title elementor-size-default\">Restez inform\u00e9 des tendances et projets L3M Holding<\/h2>\t\t\t\t<\/div>\n\t\t\t\t<\/div>\n\t\t\t\t<div class=\"elementor-element elementor-element-8ba2d66 elementor-widget elementor-widget-heading\" data-id=\"8ba2d66\" data-element_type=\"widget\" data-e-type=\"widget\" data-widget_type=\"heading.default\">\n\t\t\t\t<div class=\"elementor-widget-container\">\n\t\t\t\t\t<h2 class=\"elementor-heading-title elementor-size-default\">Notre blog vous propose une veille strat\u00e9gique sur l\u2019investissement et l\u2019innovation. Ne manquez rien\u202f: abonnez-vous d\u00e8s maintenant.<\/h2>\t\t\t\t<\/div>\n\t\t\t\t<\/div>\n\t\t\t\t<\/div>\n\t\t<div class=\"elementor-element elementor-element-4ce2521 e-con-full e-flex e-con e-child\" data-id=\"4ce2521\" data-element_type=\"container\" data-e-type=\"container\">\n\t\t\t\t<div class=\"elementor-element elementor-element-330e6ff elementor-widget elementor-widget-heading\" data-id=\"330e6ff\" data-element_type=\"widget\" data-e-type=\"widget\" data-widget_type=\"heading.default\">\n\t\t\t\t<div class=\"elementor-widget-container\">\n\t\t\t\t\t<h2 class=\"elementor-heading-title elementor-size-default\">Dans notre rubrique :<\/h2>\t\t\t\t<\/div>\n\t\t\t\t<\/div>\n\t\t\t\t<div class=\"elementor-element elementor-element-c448b97 elementor-widget elementor-widget-text-editor\" data-id=\"c448b97\" data-element_type=\"widget\" data-e-type=\"widget\" data-widget_type=\"text-editor.default\">\n\t\t\t\t<div class=\"elementor-widget-container\">\n\t\t\t\t\t\t\t\t\t<ul class=\"engagements\"><li>D\u00e9cryptages des march\u00e9s financiers et sectoriels<\/li><li>Retours d\u2019exp\u00e9rience sur nos projets<\/li><li>Zoom sur nos engagements RSE et partenariats<\/li><li>Conseils d\u2019experts pour optimiser votre strat\u00e9gie<\/li><li>Vie de l\u2019entreprise, \u00e9v\u00e9nements, interviews<\/li><\/ul>\t\t\t\t\t\t\t\t<\/div>\n\t\t\t\t<\/div>\n\t\t\t\t<div class=\"elementor-element elementor-element-c5a08c6 elementor-widget elementor-widget-heading\" data-id=\"c5a08c6\" data-element_type=\"widget\" data-e-type=\"widget\" data-widget_type=\"heading.default\">\n\t\t\t\t<div class=\"elementor-widget-container\">\n\t\t\t\t\t<h2 class=\"elementor-heading-title elementor-size-default\">Rejoignez notre newsletter exclusive.<\/h2>\t\t\t\t<\/div>\n\t\t\t\t<\/div>\n\t\t\t\t<div class=\"elementor-element elementor-element-db86945 elementor-widget elementor-widget-shortcode\" data-id=\"db86945\" data-element_type=\"widget\" data-e-type=\"widget\" data-widget_type=\"shortcode.default\">\n\t\t\t\t<div class=\"elementor-widget-container\">\n\t\t\t\t\t\t\t<div class=\"elementor-shortcode\">\n<div class=\"wpcf7 no-js\" id=\"wpcf7-f3543-o1\" lang=\"fr-FR\" dir=\"ltr\" data-wpcf7-id=\"3543\">\n<div class=\"screen-reader-response\"><p role=\"status\" aria-live=\"polite\" aria-atomic=\"true\"><\/p> <ul><\/ul><\/div>\n<form action=\"\/index.php\/wp-json\/wp\/v2\/pages\/3540#wpcf7-f3543-o1\" method=\"post\" class=\"wpcf7-form init\" aria-label=\"Formulaire de contact\" novalidate=\"novalidate\" data-status=\"init\">\n<fieldset class=\"hidden-fields-container\"><input type=\"hidden\" name=\"_wpcf7\" value=\"3543\" \/><input type=\"hidden\" name=\"_wpcf7_version\" value=\"6.1\" \/><input type=\"hidden\" name=\"_wpcf7_locale\" value=\"fr_FR\" \/><input type=\"hidden\" name=\"_wpcf7_unit_tag\" value=\"wpcf7-f3543-o1\" \/><input type=\"hidden\" name=\"_wpcf7_container_post\" value=\"0\" \/><input type=\"hidden\" name=\"_wpcf7_posted_data_hash\" value=\"\" \/>\n<\/fieldset>\n<div class=\"newsletterss\">\n\t<div class=\"newsletter-form\">\n\t\t<p><span class=\"wpcf7-form-control-wrap\" data-name=\"your-email\"><input size=\"40\" maxlength=\"400\" class=\"wpcf7-form-control wpcf7-email wpcf7-validates-as-required wpcf7-text wpcf7-validates-as-email\" autocomplete=\"email\" aria-required=\"true\" aria-invalid=\"false\" placeholder=\"Votre adresse email\" value=\"\" type=\"email\" name=\"your-email\" \/><\/span>\n\t\t<\/p>\n\t<\/div>\n\t<div class=\"newsletter-form2\">\n\t\t<p><input class=\"wpcf7-form-control wpcf7-submit has-spinner\" type=\"submit\" value=\"S&#039;inscrire\" \/>\n\t\t<\/p>\n\t<\/div>\n<\/div><div class=\"wpcf7-response-output\" aria-hidden=\"true\"><\/div>\n<\/form>\n<\/div>\n<\/div>\n\t\t\t\t\t\t<\/div>\n\t\t\t\t<\/div>\n\t\t\t\t<div class=\"elementor-element elementor-element-c203df4 elementor-widget elementor-widget-heading\" data-id=\"c203df4\" data-element_type=\"widget\" data-e-type=\"widget\" data-widget_type=\"heading.default\">\n\t\t\t\t<div class=\"elementor-widget-container\">\n\t\t\t\t\t<h2 class=\"elementor-heading-title elementor-size-default\">Nous respectons votre vie priv\u00e9e. D\u00e9sinscription possible \u00e0 tout moment.<\/h2>\t\t\t\t<\/div>\n\t\t\t\t<\/div>\n\t\t\t\t<\/div>\n\t\t\t\t<\/div>\n\t\t\t\t\t<\/div>\n\t\t\t\t<\/div>\n\t\t\t\t<\/div>\n\t\t","protected":false},"excerpt":{"rendered":"<p>Test Pourquoi faire confiance \u00e0 L3M ? L3M : accompagner les entreprises vers une croissance durable Dans un monde en constante \u00e9volution, les entreprises doivent sans cesse s\u2019adapter pour rester comp\u00e9titives. Chez L3M, nous croyons que la performance passe par une strat\u00e9gie claire, des outils efficaces et un accompagnement sur mesure. Une vision tourn\u00e9e vers [&hellip;]<\/p>\n","protected":false},"author":1,"featured_media":0,"parent":0,"menu_order":0,"comment_status":"closed","ping_status":"closed","template":"","meta":{"footnotes":""},"class_list":["post-3540","page","type-page","status-publish","hentry"],"_links":{"self":[{"href":"https:\/\/moryjinabovictorbrillant.com\/index.php\/wp-json\/wp\/v2\/pages\/3540","targetHints":{"allow":["GET"]}}],"collection":[{"href":"https:\/\/moryjinabovictorbrillant.com\/index.php\/wp-json\/wp\/v2\/pages"}],"about":[{"href":"https:\/\/moryjinabovictorbrillant.com\/index.php\/wp-json\/wp\/v2\/types\/page"}],"author":[{"embeddable":true,"href":"https:\/\/moryjinabovictorbrillant.com\/index.php\/wp-json\/wp\/v2\/users\/1"}],"replies":[{"embeddable":true,"href":"https:\/\/moryjinabovictorbrillant.com\/index.php\/wp-json\/wp\/v2\/comments?post=3540"}],"version-history":[{"count":31,"href":"https:\/\/moryjinabovictorbrillant.com\/index.php\/wp-json\/wp\/v2\/pages\/3540\/revisions"}],"predecessor-version":[{"id":5042,"href":"https:\/\/moryjinabovictorbrillant.com\/index.php\/wp-json\/wp\/v2\/pages\/3540\/revisions\/5042"}],"wp:attachment":[{"href":"https:\/\/moryjinabovictorbrillant.com\/index.php\/wp-json\/wp\/v2\/media?parent=3540"}],"curies":[{"name":"wp","href":"https:\/\/api.w.org\/{rel}","templated":true}]}}